{"id":8588,"date":"2026-01-14T12:11:48","date_gmt":"2026-01-14T11:11:48","guid":{"rendered":"https:\/\/www.helasoft.com\/?page_id=8588"},"modified":"2026-01-14T12:11:48","modified_gmt":"2026-01-14T11:11:48","slug":"data-privacy-social-media","status":"publish","type":"page","link":"https:\/\/www.helasoft.com\/de\/data-privacy-social-media\/","title":{"rendered":"Social-Media-Datenschutzerkl\u00e4rung"},"content":{"rendered":"<div data-elementor-type=\"wp-page\" data-elementor-id=\"8588\" class=\"elementor elementor-8588\" data-elementor-post-type=\"page\">\n\t\t\t\t\t\t<section class=\"elementor-section elementor-top-section elementor-element elementor-element-33cada1 nd-elementor-section-full elementor-section-height-default elementor-section-height-default\" data-id=\"33cada1\" data-element_type=\"section\">\n\t\t\t\t\t\t<div class=\"elementor-container elementor-column-gap-default\">\n\t\t\t\t\t<div class=\"elementor-column elementor-col-100 elementor-top-column elementor-element elementor-element-a4fb696\" data-id=\"a4fb696\" data-element_type=\"column\">\n\t\t\t<div class=\"elementor-widget-wrap elementor-element-populated\">\n\t\t\t\t\t\t<div class=\"elementor-element elementor-element-3d4bcd5 elementor-widget elementor-widget-template\" data-id=\"3d4bcd5\" data-element_type=\"widget\" data-widget_type=\"template.default\">\n\t\t\t\t<div class=\"elementor-widget-container\">\n\t\t\t\t\t<div class=\"elementor-template\">\n\t\t\t\t\t<div data-elementor-type=\"section\" data-elementor-id=\"850\" class=\"elementor elementor-850\" data-elementor-post-type=\"elementor_library\">\n\t\t\t\t\t<section class=\"elementor-section elementor-top-section elementor-element elementor-element-40b4b6b4 elementor-section-content-bottom nd-elementor-section-big elementor-section-height-default elementor-section-height-default\" data-id=\"40b4b6b4\" data-element_type=\"section\" data-settings=\"{&quot;background_background&quot;:&quot;classic&quot;}\">\n\t\t\t\t\t\t<div class=\"elementor-container elementor-column-gap-default\">\n\t\t\t\t\t<div class=\"elementor-column elementor-col-100 elementor-top-column elementor-element elementor-element-4a918542\" data-id=\"4a918542\" data-element_type=\"column\">\n\t\t\t<div class=\"elementor-widget-wrap elementor-element-populated\">\n\t\t\t\t\t\t<div class=\"elementor-element elementor-element-28a49f97 elementor-widget elementor-widget-text-editor\" data-id=\"28a49f97\" data-element_type=\"widget\" data-widget_type=\"text-editor.default\">\n\t\t\t\t<div class=\"elementor-widget-container\">\n\t\t\t\t\t\t\t<p class=\"hightlight-heading-b\">Social-Media-Datenschutzerkl\u00e4rung<\/p>\t\t\t\t\t\t<\/div>\n\t\t\t\t<\/div>\n\t\t\t\t\t<\/div>\n\t\t<\/div>\n\t\t\t\t\t<\/div>\n\t\t<\/section>\n\t\t\t\t<\/div>\n\t\t\t\t<\/div>\n\t\t\t\t<\/div>\n\t\t\t\t<\/div>\n\t\t\t\t\t<\/div>\n\t\t<\/div>\n\t\t\t\t\t<\/div>\n\t\t<\/section>\n\t\t\t\t<section class=\"elementor-section elementor-top-section elementor-element elementor-element-b94faec nd-elementor-section-big elementor-section-height-default elementor-section-height-default\" data-id=\"b94faec\" data-element_type=\"section\">\n\t\t\t\t\t\t<div class=\"elementor-container elementor-column-gap-default\">\n\t\t\t\t\t<div class=\"elementor-column elementor-col-100 elementor-top-column elementor-element elementor-element-5dbcc15\" data-id=\"5dbcc15\" data-element_type=\"column\">\n\t\t\t<div class=\"elementor-widget-wrap elementor-element-populated\">\n\t\t\t\t\t\t<div class=\"elementor-element elementor-element-375184a elementor-widget elementor-widget-text-editor\" data-id=\"375184a\" data-element_type=\"widget\" data-widget_type=\"text-editor.default\">\n\t\t\t\t<div class=\"elementor-widget-container\">\n\t\t\t\t\t\t\t<h1>Social-Media-Auftritte der HELASOFT GmbH<\/h1><p>&nbsp;<\/p><h3>Diese Datenschutzerkl\u00e4rung gilt f\u00fcr folgende Social-Media-Auftritte<\/h3><ul><li>Xing:&nbsp; <a href=\"https:\/\/www.xing.com\/pages\/helasoft\">https:\/\/www.xing.com\/pages\/helasoft<\/a><\/li><li>LinkedIn:&nbsp; <a href=\"https:\/\/de.linkedin.com\/company\/helasoft-gmbh\">https:\/\/de.linkedin.com\/company\/helasoft-gmbh<\/a><\/li><li>Vimeo:&nbsp; <a href=\"https:\/\/vimeo.com\/user159396773\">https:\/\/vimeo.com\/user159396773<\/a><\/li><li>YouTube:&nbsp; <a href=\"https:\/\/www.youtube.com\/@helasoft-wedeliverexpertis7817\">https:\/\/www.youtube.com\/@helasoft-wedeliverexpertis7817<\/a><\/li><\/ul><h3>&nbsp;<\/h3><h5>Datenverarbeitung durch soziale Netzwerke<\/h5><p>Wir unterhalten \u00f6ffentlich zug\u00e4ngliche Profile in sozialen Netzwerken. Die im Einzelnen von uns genutzten sozialen Netzwerke finden Sie weiter unten.<\/p><p>Soziale Netzwerke k\u00f6nnen Ihr Nutzerverhalten in der Regel umfassend analysieren, wenn Sie deren Website oder eine Website mit integrierten Social-Media-Inhalten (z. B. Like-Buttons oder Werbebannern) besuchen. Durch den Besuch unserer Social-Media-Pr\u00e4senzen werden zahlreiche datenschutzrelevante Verarbeitungsvorg\u00e4nge ausgel\u00f6st. Im Einzelnen:<\/p><p>Wenn Sie in Ihrem Social-Media-Account eingeloggt sind und unsere Social-Media-Pr\u00e4senz besuchen, kann der Betreiber des Social-Media-Portals diesen Besuch Ihrem Benutzerkonto zuordnen. Ihre personenbezogenen Daten k\u00f6nnen unter Umst\u00e4nden aber auch dann erfasst werden, wenn Sie nicht eingeloggt sind oder keinen Account beim jeweiligen Social-Media-Portal besitzen. Diese Datenerfassung erfolgt in diesem Fall beispielsweise \u00fcber Cookies, die auf Ihrem Endger\u00e4t gespeichert werden oder durch Erfassung Ihrer IP-Adresse.<br \/>Mit Hilfe der so erfassten Daten k\u00f6nnen die Betreiber der Social-Media-Portale Nutzerprofile erstellen, in denen Ihre Pr\u00e4ferenzen und Interessen hinterlegt sind. Auf diese Weise kann Ihnen interessenbezogene Werbung in- und au\u00dferhalb der jeweiligen Social-Media-Pr\u00e4senz angezeigt werden. Sofern Sie \u00fcber einen Account beim jeweiligen sozialen Netzwerk verf\u00fcgen, kann die interessenbezogene Werbung auf allen Ger\u00e4ten angezeigt werden, auf denen Sie eingeloggt sind oder eingeloggt waren.<\/p><p>Bitte beachten Sie au\u00dferdem, dass wir nicht alle Verarbeitungsprozesse auf den Social-Media-Portalen nachvollziehen k\u00f6nnen. Je nach Anbieter k\u00f6nnen daher ggf. weitere Verarbeitungsvorg\u00e4nge von den Betreibern der Social-Media-Portale\ndurchgef\u00fchrt werden. Details hierzu entnehmen Sie den Nutzungsbedingungen und Datenschutzbestimmungen der jeweiligen Social-Media-Portale.<\/p><p>&nbsp;<\/p><h5>Rechtsgrundlage<\/h5><p>Unsere Social-Media-Auftritte sollen eine m\u00f6glichst umfassende Pr\u00e4senz im Internet gew\u00e4hrleisten. Hierbei handelt es sich um ein berechtigtes Interesse im Sinne von Art. 6 Abs. 1 lit. f DSGVO. Die von den sozialen Netzwerken initiierten Analyseprozesse beruhen ggf. auf abweichenden Rechtsgrundlagen, die von den Betreibern der sozialen Netzwerke anzugeben sind (z. B. Einwilligung im Sinne des Art. 6 Abs. 1 lit. a DSGVO).<\/p><p>&nbsp;<\/p><h5>Verantwortlicher und Geltendmachung von Rechten<\/h5><p>Wenn Sie einen unserer Social-Media-Auftritte (z. B. XING) besuchen, sind wir gemeinsam mit dem Betreiber der Social-Media-Plattform f\u00fcr die bei diesem Besuch ausgel\u00f6sten Datenverarbeitungsvorg\u00e4nge verantwortlich. Sie k\u00f6nnen Ihre Rechte (Auskunft, Berichtigung, L\u00f6schung, Einschr\u00e4nkung der Verarbeitung, Daten\u00fcbertragbarkeit und Beschwerde) grunds\u00e4tzlich sowohl gg\u00fc. uns als auch gg\u00fc. dem Betreiber des jeweiligen Social-Media-Portals (z. B. gg\u00fc. XING) geltend machen.<\/p><p>Bitte beachten Sie, dass wir trotz der gemeinsamen Verantwortlichkeit mit den Social-Media-Portal-Betreibern nicht vollumf\u00e4nglich Einfluss auf die Datenverarbeitungsvorg\u00e4nge der Social-Media-Portale haben. Unsere M\u00f6glichkeiten richten sich ma\u00dfgeblich nach der Unternehmenspolitik des jeweiligen Anbieters.<\/p><p>&nbsp;<\/p><h5>Speicherdauer<\/h5><p>Die unmittelbar von uns \u00fcber die Social-Media-Pr\u00e4senz erfassten Daten werden von unseren Systemen gel\u00f6scht, sobald Sie uns zur L\u00f6schung auffordern, Ihre Einwilligung zur Speicherung widerrufen oder der Zweck f\u00fcr die Datenspeicherung entf\u00e4llt. Gespeicherte Cookies verbleiben auf Ihrem Endger\u00e4t, bis Sie sie l\u00f6schen. Zwingende gesetzliche Bestimmungen \u2013 insb. Aufbewahrungsfristen \u2013 bleiben unber\u00fchrt.<\/p><p>Auf die Speicherdauer Ihrer Daten, die von den Betreibern der sozialen Netzwerke zu eigenen Zwecken gespeichert werden, haben wir keinen Einfluss. F\u00fcr Einzelheiten dazu informieren Sie sich bitte direkt bei den Betreibern der sozialen Netzwerke (z. B. in deren Datenschutzerkl\u00e4rung, siehe unten).<\/p><p>&nbsp;<\/p><h5>Ihre Rechte<\/h5><p>Sie haben jederzeit das Recht, unentgeltlich Auskunft \u00fcber Herkunft, Empf\u00e4nger und Zweck Ihrer gespeicherten personenbezogenen Daten zu erhalten. Ihnen steht au\u00dferdem ein Recht auf Widerspruch, auf Daten\u00fcbertragbarkeit und ein Beschwerderecht bei der zust\u00e4ndigen Aufsichtsbeh\u00f6rde zu. Ferner k\u00f6nnen Sie die Berichtigung, Sperrung, L\u00f6schung und unter bestimmten Umst\u00e4nden die Einschr\u00e4nkung der Verarbeitung Ihrer personenbezogenen Daten verlangen.<\/p><p>&nbsp;<\/p><h3>Soziale Netzwerke im Einzelnen<\/h3><p>&nbsp;<\/p><h5>XING<\/h5><p>Wir verf\u00fcgen \u00fcber ein Profil bei XING. Anbieter ist die New Work SE, Dammtorstra\u00dfe 30, 20354 Hamburg, Deutschland. Details zu deren Umgang mit Ihren personenbezogenen Daten entnehmen Sie der Datenschutzerkl\u00e4rung von XING: <a href=\"https:\/\/privacy.xing.com\/de\/datenschutzerklaerung.\">https:\/\/privacy.xing.com\/de\/datenschutzerklaerung.<\/a><\/p><h5>LinkedIn<\/h5><p>Wir verf\u00fcgen \u00fcber ein Profil bei LinkedIn. Anbieter ist die LinkedIn Ireland Unlimited Company, Wilton Plaza, Wilton Place, Dublin 2, Irland. LinkedIn verwendet Werbecookies.<br \/><strong>Wenn Sie LinkedIn-Werbe-Cookies deaktivieren m\u00f6chten, nutzen Sie bitte folgenden Link: <\/strong> <a href=\"https:\/\/www.linkedin.com\/psettings\/guest-controls\/retargeting-opt-out.\">https:\/\/www.linkedin.com\/psettings\/guest-controls\/retargeting-opt-out.<\/a><\/p><p>Die Daten\u00fcbertragung in die USA wird auf die Standardvertragsklauseln der EU-Kommission gest\u00fctzt. Details finden Sie hier: <a href=\"https:\/\/www.linkedin.com\/legal\/l\/dpa\">https:\/\/www.linkedin.com\/legal\/l\/dpa<\/a> und <a href=\"https:\/\/www.linkedin.com\/legal\/l\/eu-sccs\">https:\/\/www.linkedin.com\/legal\/l\/eu-sccs<\/a>.<\/p><p>Details zu deren Umgang mit Ihren personenbezogenen Daten entnehmen Sie der Datenschutzerkl\u00e4rung von LinkedIn: <a href=\"https:\/\/www.linkedin.com\/legal\/privacy-policy\">https:\/\/www.linkedin.com\/legal\/privacy-policy<\/a>.<\/p><h5>Vimeo<\/h5><p>Wir verf\u00fcgen \u00fcber ein Profil bei Vimeo. Anbieter ist die Vimeo, Inc., 555 West 18th Street, New York 10011, USA.<\/p><p>Die Daten\u00fcbertragung in die USA wird auf die Standardvertragsklauseln der EU-Kommission sowie nach Aussage von Vimeo auf \u201eberechtigte Gesch\u00e4ftsinteressen\u201c gest\u00fctzt. Details finden Sie hier: <a href=\"https:\/\/vimeo.com\/privacy\">https:\/\/vimeo.com\/privacy<\/a>.<\/p><p>Details zu deren Umgang mit Ihren personenbezogenen Daten entnehmen Sie der Datenschutzerkl\u00e4rung von Vimeo: <a href=\"https:\/\/vimeo.com\/privacy\">https:\/\/vimeo.com\/privacy<\/a>.<\/p><p>Das Unternehmen verf\u00fcgt \u00fcber eine Zertifizierung nach dem \u201eEU-US Data Privacy Framework\u201c (DPF). Der DPF ist ein \u00dcbereinkommen zwischen der Europ\u00e4ischen Union und den USA, der die Einhaltung europ\u00e4ischer Datenschutzstandards bei Datenverarbeitungen in den USA gew\u00e4hrleisten soll. Jedes nach dem DPF zertifizierte Unternehmen verpflichtet sich, diese Datenschutzstandards einzuhalten. Weitere Informationen hierzu erhalten Sie vom Anbieter unter folgendem Link: <a href=\"https:\/\/www.dataprivacyframework.gov\/list\">https:\/\/www.dataprivacyframework.gov\/list<\/a><\/p><h5>YouTube<\/h5><p>Wir verf\u00fcgen \u00fcber ein Profil bei YouTube. Anbieter ist die Google Ireland Limited, Gordon House, Barrow Street, Dublin 4, Irland. Details zu deren Umgang mit Ihren personenbezogenen Daten entnehmen Sie der Datenschutzerkl\u00e4rung von YouTube: <a href=\"https:\/\/policies.google.com\/privacy?hl=de\">https:\/\/policies.google.com\/privacy?hl=de<\/a>.<\/p><p>Das Unternehmen verf\u00fcgt \u00fcber eine Zertifizierung nach dem \u201eEU-US Data Privacy Framework\u201c (DPF). Der DPF ist ein \u00dcbereinkommen zwischen der Europ\u00e4ischen Union und den USA, der die Einhaltung europ\u00e4ischer Datenschutzstandards bei Datenverarbeitungen in den USA gew\u00e4hrleisten soll. Jedes nach dem DPF zertifizierte Unternehmen verpflichtet sich, diese Datenschutzstandards einzuhalten. Weitere Informationen hierzu erhalten Sie vom Anbieter unter folgendem Link: <a href=\"https:\/\/www.dataprivacyframework.gov\/s\/participant-search\/participant-detail?contact=true&amp;id=a2zt000000001L5AAI&amp;status=Active\">https:\/\/www.dataprivacyframework.gov\/s\/participant-search\/participant-detail?contact=true&amp;id=a2zt000000001L5AAI&amp;status=Active<\/a><\/p>\t\t\t\t\t\t<\/div>\n\t\t\t\t<\/div>\n\t\t\t\t\t<\/div>\n\t\t<\/div>\n\t\t\t\t\t<\/div>\n\t\t<\/section>\n\t\t\t\t<\/div>","protected":false},"excerpt":{"rendered":"<p>Our social media appearances &nbsp; This privacy policy applies to the following social media presence Xing:&nbsp; https:\/\/www.xing.com\/pages\/helasoft LinkedIn:&nbsp; https:\/\/de.linkedin.com\/company\/helasoft-gmbh Vimeo:&nbsp; https:\/\/vimeo.com\/user159396773 YouTube:&nbsp; https:\/\/www.youtube.com\/@helasoft-wedeliverexpertis7817 &nbsp; Data processing through social networks We maintain publicly available profiles in social networks. The individual social networks we use can be found below. Social networks can generally analyze your user behavior &hellip; <a href=\"https:\/\/www.helasoft.com\/de\/data-privacy-social-media\/\">Continued<\/a><\/p>","protected":false},"author":9,"featured_media":0,"parent":0,"menu_order":9,"comment_status":"closed","ping_status":"closed","template":"","meta":{"_acf_changed":false,"footnotes":""},"class_list":["post-8588","page","type-page","status-publish","hentry"],"acf":[],"yoast_head":"<!-- This site is optimized with the Yoast SEO plugin v24.0 - https:\/\/yoast.com\/wordpress\/plugins\/seo\/ -->\n<title>Data Privacy | HELASOFT<\/title>\n<meta name=\"description\" content=\"The Protection of Your Data Is Important to Us. Read the Privacy Policy of Helasoft Gmbh Here.\" \/>\n<meta name=\"robots\" content=\"noindex, follow\" \/>\n<meta property=\"og:locale\" content=\"de_DE\" \/>\n<meta property=\"og:type\" content=\"article\" \/>\n<meta property=\"og:title\" content=\"Data Privacy | HELASOFT\" \/>\n<meta property=\"og:description\" content=\"The Protection of Your Data Is Important to Us. Read the Privacy Policy of Helasoft Gmbh Here.\" \/>\n<meta property=\"og:url\" content=\"https:\/\/www.helasoft.com\/de\/data-privacy-social-media\/\" \/>\n<meta property=\"og:site_name\" content=\"Helasoft\" \/>\n<meta name=\"twitter:card\" content=\"summary_large_image\" \/>\n<meta name=\"twitter:label1\" content=\"Est. reading time\" \/>\n\t<meta name=\"twitter:data1\" content=\"5 minutes\" \/>\n<script type=\"application\/ld+json\" class=\"yoast-schema-graph\">{\"@context\":\"https:\/\/schema.org\",\"@graph\":[{\"@type\":\"WebPage\",\"@id\":\"https:\/\/www.helasoft.com\/data-privacy-social-media\/\",\"url\":\"https:\/\/www.helasoft.com\/data-privacy-social-media\/\",\"name\":\"Data Privacy | HELASOFT\",\"isPartOf\":{\"@id\":\"https:\/\/www.helasoft.com\/de\/#website\"},\"datePublished\":\"2026-01-14T11:11:48+00:00\",\"dateModified\":\"2026-01-14T11:11:48+00:00\",\"description\":\"The Protection of Your Data Is Important to Us. Read the Privacy Policy of Helasoft Gmbh Here.\",\"breadcrumb\":{\"@id\":\"https:\/\/www.helasoft.com\/data-privacy-social-media\/#breadcrumb\"},\"inLanguage\":\"de-DE\",\"potentialAction\":[{\"@type\":\"ReadAction\",\"target\":[\"https:\/\/www.helasoft.com\/data-privacy-social-media\/\"]}]},{\"@type\":\"BreadcrumbList\",\"@id\":\"https:\/\/www.helasoft.com\/data-privacy-social-media\/#breadcrumb\",\"itemListElement\":[{\"@type\":\"ListItem\",\"position\":1,\"name\":\"Home\",\"item\":\"https:\/\/www.helasoft.com\/\"},{\"@type\":\"ListItem\",\"position\":2,\"name\":\"Data privacy Social Media\"}]},{\"@type\":\"WebSite\",\"@id\":\"https:\/\/www.helasoft.com\/de\/#website\",\"url\":\"https:\/\/www.helasoft.com\/de\/\",\"name\":\"Helasoft\",\"description\":\"\",\"potentialAction\":[{\"@type\":\"SearchAction\",\"target\":{\"@type\":\"EntryPoint\",\"urlTemplate\":\"https:\/\/www.helasoft.com\/de\/?s={search_term_string}\"},\"query-input\":{\"@type\":\"PropertyValueSpecification\",\"valueRequired\":true,\"valueName\":\"search_term_string\"}}],\"inLanguage\":\"de-DE\"}]}<\/script>\n<!-- \/ Yoast SEO plugin. -->","yoast_head_json":{"title":"Data Privacy | HELASOFT","description":"The Protection of Your Data Is Important to Us. Read the Privacy Policy of Helasoft Gmbh Here.","robots":{"index":"noindex","follow":"follow"},"og_locale":"de_DE","og_type":"article","og_title":"Data Privacy | HELASOFT","og_description":"The Protection of Your Data Is Important to Us. Read the Privacy Policy of Helasoft Gmbh Here.","og_url":"https:\/\/www.helasoft.com\/de\/data-privacy-social-media\/","og_site_name":"Helasoft","twitter_card":"summary_large_image","twitter_misc":{"Est. reading time":"5 minutes"},"schema":{"@context":"https:\/\/schema.org","@graph":[{"@type":"WebPage","@id":"https:\/\/www.helasoft.com\/data-privacy-social-media\/","url":"https:\/\/www.helasoft.com\/data-privacy-social-media\/","name":"Data Privacy | HELASOFT","isPartOf":{"@id":"https:\/\/www.helasoft.com\/de\/#website"},"datePublished":"2026-01-14T11:11:48+00:00","dateModified":"2026-01-14T11:11:48+00:00","description":"The Protection of Your Data Is Important to Us. Read the Privacy Policy of Helasoft Gmbh Here.","breadcrumb":{"@id":"https:\/\/www.helasoft.com\/data-privacy-social-media\/#breadcrumb"},"inLanguage":"de-DE","potentialAction":[{"@type":"ReadAction","target":["https:\/\/www.helasoft.com\/data-privacy-social-media\/"]}]},{"@type":"BreadcrumbList","@id":"https:\/\/www.helasoft.com\/data-privacy-social-media\/#breadcrumb","itemListElement":[{"@type":"ListItem","position":1,"name":"Home","item":"https:\/\/www.helasoft.com\/"},{"@type":"ListItem","position":2,"name":"Data privacy Social Media"}]},{"@type":"WebSite","@id":"https:\/\/www.helasoft.com\/de\/#website","url":"https:\/\/www.helasoft.com\/de\/","name":"Helasoft","description":"","potentialAction":[{"@type":"SearchAction","target":{"@type":"EntryPoint","urlTemplate":"https:\/\/www.helasoft.com\/de\/?s={search_term_string}"},"query-input":{"@type":"PropertyValueSpecification","valueRequired":true,"valueName":"search_term_string"}}],"inLanguage":"de-DE"}]}},"_links":{"self":[{"href":"https:\/\/www.helasoft.com\/de\/wp-json\/wp\/v2\/pages\/8588","targetHints":{"allow":["GET"]}}],"collection":[{"href":"https:\/\/www.helasoft.com\/de\/wp-json\/wp\/v2\/pages"}],"about":[{"href":"https:\/\/www.helasoft.com\/de\/wp-json\/wp\/v2\/types\/page"}],"author":[{"embeddable":true,"href":"https:\/\/www.helasoft.com\/de\/wp-json\/wp\/v2\/users\/9"}],"replies":[{"embeddable":true,"href":"https:\/\/www.helasoft.com\/de\/wp-json\/wp\/v2\/comments?post=8588"}],"version-history":[{"count":8,"href":"https:\/\/www.helasoft.com\/de\/wp-json\/wp\/v2\/pages\/8588\/revisions"}],"predecessor-version":[{"id":8596,"href":"https:\/\/www.helasoft.com\/de\/wp-json\/wp\/v2\/pages\/8588\/revisions\/8596"}],"wp:attachment":[{"href":"https:\/\/www.helasoft.com\/de\/wp-json\/wp\/v2\/media?parent=8588"}],"curies":[{"name":"wp","href":"https:\/\/api.w.org\/{rel}","templated":true}]}}