{"id":5283,"date":"2022-06-30T13:48:37","date_gmt":"2022-06-30T11:48:37","guid":{"rendered":"https:\/\/www.helasoft.com\/?page_id=5283"},"modified":"2023-02-10T19:03:16","modified_gmt":"2023-02-10T18:03:16","slug":"data-privacy-art13","status":"publish","type":"page","link":"https:\/\/www.helasoft.com\/de\/data-privacy-art13\/","title":{"rendered":"Datenschutz gem\u00e4\u00df Art. 13 DSGVO"},"content":{"rendered":"<div data-elementor-type=\"wp-page\" data-elementor-id=\"5283\" class=\"elementor elementor-5283\" data-elementor-post-type=\"page\">\n\t\t\t\t\t\t<section class=\"elementor-section elementor-top-section elementor-element elementor-element-33cada1 nd-elementor-section-full elementor-section-height-default elementor-section-height-default\" data-id=\"33cada1\" data-element_type=\"section\">\n\t\t\t\t\t\t<div class=\"elementor-container elementor-column-gap-default\">\n\t\t\t\t\t<div class=\"elementor-column elementor-col-100 elementor-top-column elementor-element elementor-element-a4fb696\" data-id=\"a4fb696\" data-element_type=\"column\">\n\t\t\t<div class=\"elementor-widget-wrap elementor-element-populated\">\n\t\t\t\t\t\t<div class=\"elementor-element elementor-element-3d4bcd5 elementor-widget elementor-widget-template\" data-id=\"3d4bcd5\" data-element_type=\"widget\" data-widget_type=\"template.default\">\n\t\t\t\t<div class=\"elementor-widget-container\">\n\t\t\t\t\t<div class=\"elementor-template\">\n\t\t\t\t\t<div data-elementor-type=\"section\" data-elementor-id=\"850\" class=\"elementor elementor-850\" data-elementor-post-type=\"elementor_library\">\n\t\t\t\t\t<section class=\"elementor-section elementor-top-section elementor-element elementor-element-40b4b6b4 elementor-section-content-bottom nd-elementor-section-big elementor-section-height-default elementor-section-height-default\" data-id=\"40b4b6b4\" data-element_type=\"section\" data-settings=\"{&quot;background_background&quot;:&quot;classic&quot;}\">\n\t\t\t\t\t\t<div class=\"elementor-container elementor-column-gap-default\">\n\t\t\t\t\t<div class=\"elementor-column elementor-col-100 elementor-top-column elementor-element elementor-element-4a918542\" data-id=\"4a918542\" data-element_type=\"column\">\n\t\t\t<div class=\"elementor-widget-wrap elementor-element-populated\">\n\t\t\t\t\t\t<div class=\"elementor-element elementor-element-28a49f97 elementor-widget elementor-widget-text-editor\" data-id=\"28a49f97\" data-element_type=\"widget\" data-widget_type=\"text-editor.default\">\n\t\t\t\t<div class=\"elementor-widget-container\">\n\t\t\t\t\t\t\t<p class=\"hightlight-heading-b\">Datenschutz gem\u00e4\u00df Art. 13 DSGVO<\/p>\t\t\t\t\t\t<\/div>\n\t\t\t\t<\/div>\n\t\t\t\t\t<\/div>\n\t\t<\/div>\n\t\t\t\t\t<\/div>\n\t\t<\/section>\n\t\t\t\t<\/div>\n\t\t\t\t<\/div>\n\t\t\t\t<\/div>\n\t\t\t\t<\/div>\n\t\t\t\t\t<\/div>\n\t\t<\/div>\n\t\t\t\t\t<\/div>\n\t\t<\/section>\n\t\t\t\t<section class=\"elementor-section elementor-top-section elementor-element elementor-element-b94faec nd-elementor-section-big elementor-section-height-default elementor-section-height-default\" data-id=\"b94faec\" data-element_type=\"section\">\n\t\t\t\t\t\t<div class=\"elementor-container elementor-column-gap-default\">\n\t\t\t\t\t<div class=\"elementor-column elementor-col-100 elementor-top-column elementor-element elementor-element-5dbcc15\" data-id=\"5dbcc15\" data-element_type=\"column\">\n\t\t\t<div class=\"elementor-widget-wrap elementor-element-populated\">\n\t\t\t\t\t\t<div class=\"elementor-element elementor-element-375184a elementor-widget elementor-widget-text-editor\" data-id=\"375184a\" data-element_type=\"widget\" data-widget_type=\"text-editor.default\">\n\t\t\t\t<div class=\"elementor-widget-container\">\n\t\t\t\t\t\t\t<h1>1. Pflichtinformationen gem\u00e4\u00df Artikel 13 DSGVO<\/h1>\n<span style=\"color: var( --e-global-color-c0d4f68 ); font-family: var( --e-global-typography-1472337-font-family ), Sans-serif; font-size: var(--nd-global-font-size-tel-30); font-weight: var( --e-global-typography-1472337-font-weight ); letter-spacing: var( --e-global-typography-1472337-letter-spacing ); word-spacing: var( --e-global-typography-1472337-word-spacing );\">Im Falle des Erstkontakts sind wir gem\u00e4\u00df Art. 12, 13 DSGVO verpflichtet, Ihnen folgende datenschutzrechtliche Pflichtinformationen zur Verf\u00fcgung zu stellen: Wenn Sie uns per E-Mail kontaktieren, verarbeiten wir Ihre personenbezogenen Daten nur, soweit an der Verarbeitung ein berechtigtes Interesse besteht (Art. 6 Abs. 1 lit. f DS-GVO), Sie in die Datenverarbeitung eingewilligt haben (Art. 6 Abs. 1 lit. a DS-GVO), die Verarbeitung f\u00fcr die Anbahnung, Begr\u00fcndung, inhaltliche Ausgestaltung oder \u00c4nderung eines Rechtsverh\u00e4ltnisses zwischen Ihnen und uns erforderlich sind (Art. 6 Abs. 1 lit. b DS-GVO) oder eine sonstige Rechtsnorm die Verarbeitung gestattet. \n\nIhre personenbezogenen Daten verbleiben bei uns, bis Sie uns zur L\u00f6schung auffordern, Ihre Einwilligung zur Speicherung widerrufen oder der Zweck f\u00fcr die Datenspeicherung entf\u00e4llt (z. B. nach abgeschlossener Bearbeitung Ihres Anliegens). Zwingende gesetzliche Bestimmungen \u2013 insbesondere steuer- und handelsrechtliche Aufbewahrungsfristen \u2013 bleiben unber\u00fchrt.<\/span>\n\nYou have the right to at any time receive free information concerning the origins, recipients and purpose of your data archived by us. You also have a right to object, to data portability and a right to log a complaint with the competent supervisory agency. Moreover, you can demand the correction, eradication and, under certain circumstances, the restriction of the processing of your personal data. For more details, please consult our Data Privacy Policy (https:\/\/www.helasoft.com\/data-privacy\/). Our data protection officer can be reached at privacy@helasoft.com.\n\nIn case that you have questions which can not be answered by this privacy policy please do not hesitate to contact us: info@helasoft.com\t\t\t\t\t\t<\/div>\n\t\t\t\t<\/div>\n\t\t\t\t\t<\/div>\n\t\t<\/div>\n\t\t\t\t\t<\/div>\n\t\t<\/section>\n\t\t\t\t<\/div>","protected":false},"excerpt":{"rendered":"<p>1. Information Provided as Mandated by Article 13 GDPR If this is your first interaction with us, Art. 12, 13 GDPR mandates that we make available to you the following mandatory data protection related information: If you are contacting us via e-mail, we will process your personal data only if we have a legitimate interest &hellip; <a href=\"https:\/\/www.helasoft.com\/de\/data-privacy-art13\/\">Continued<\/a><\/p>","protected":false},"author":7,"featured_media":0,"parent":0,"menu_order":10,"comment_status":"closed","ping_status":"closed","template":"","meta":{"_acf_changed":false,"footnotes":""},"class_list":["post-5283","page","type-page","status-publish","hentry"],"acf":[],"yoast_head":"<!-- This site is optimized with the Yoast SEO plugin v24.0 - https:\/\/yoast.com\/wordpress\/plugins\/seo\/ -->\n<title>Data Privacy by article 13 GDPR | HELASOFT<\/title>\n<meta name=\"description\" content=\"The Protection of Your Data Is Important to Us. Read the Privacy Policy of Helasoft Gmbh Here.\" \/>\n<meta name=\"robots\" content=\"index, follow, max-snippet:-1, max-image-preview:large, max-video-preview:-1\" \/>\n<link rel=\"canonical\" href=\"https:\/\/www.helasoft.com\/de\/data-privacy-art13\/\" \/>\n<meta property=\"og:locale\" content=\"de_DE\" \/>\n<meta property=\"og:type\" content=\"article\" \/>\n<meta property=\"og:title\" content=\"Data Privacy by article 13 GDPR | HELASOFT\" \/>\n<meta property=\"og:description\" content=\"The Protection of Your Data Is Important to Us. Read the Privacy Policy of Helasoft Gmbh Here.\" \/>\n<meta property=\"og:url\" content=\"https:\/\/www.helasoft.com\/de\/data-privacy-art13\/\" \/>\n<meta property=\"og:site_name\" content=\"Helasoft\" \/>\n<meta property=\"article:modified_time\" content=\"2023-02-10T18:03:16+00:00\" \/>\n<meta name=\"twitter:card\" content=\"summary_large_image\" \/>\n<meta name=\"twitter:label1\" content=\"Est. reading time\" \/>\n\t<meta name=\"twitter:data1\" content=\"2 minutes\" \/>\n<script type=\"application\/ld+json\" class=\"yoast-schema-graph\">{\"@context\":\"https:\/\/schema.org\",\"@graph\":[{\"@type\":\"WebPage\",\"@id\":\"https:\/\/www.helasoft.com\/data-privacy-art13\/\",\"url\":\"https:\/\/www.helasoft.com\/data-privacy-art13\/\",\"name\":\"Data Privacy by article 13 GDPR | HELASOFT\",\"isPartOf\":{\"@id\":\"https:\/\/www.helasoft.com\/de\/#website\"},\"datePublished\":\"2022-06-30T11:48:37+00:00\",\"dateModified\":\"2023-02-10T18:03:16+00:00\",\"description\":\"The Protection of Your Data Is Important to Us. Read the Privacy Policy of Helasoft Gmbh Here.\",\"breadcrumb\":{\"@id\":\"https:\/\/www.helasoft.com\/data-privacy-art13\/#breadcrumb\"},\"inLanguage\":\"de-DE\",\"potentialAction\":[{\"@type\":\"ReadAction\",\"target\":[\"https:\/\/www.helasoft.com\/data-privacy-art13\/\"]}]},{\"@type\":\"BreadcrumbList\",\"@id\":\"https:\/\/www.helasoft.com\/data-privacy-art13\/#breadcrumb\",\"itemListElement\":[{\"@type\":\"ListItem\",\"position\":1,\"name\":\"Home\",\"item\":\"https:\/\/www.helasoft.com\/\"},{\"@type\":\"ListItem\",\"position\":2,\"name\":\"Data privacy as by art. 13 GDPR\"}]},{\"@type\":\"WebSite\",\"@id\":\"https:\/\/www.helasoft.com\/de\/#website\",\"url\":\"https:\/\/www.helasoft.com\/de\/\",\"name\":\"Helasoft\",\"description\":\"\",\"potentialAction\":[{\"@type\":\"SearchAction\",\"target\":{\"@type\":\"EntryPoint\",\"urlTemplate\":\"https:\/\/www.helasoft.com\/de\/?s={search_term_string}\"},\"query-input\":{\"@type\":\"PropertyValueSpecification\",\"valueRequired\":true,\"valueName\":\"search_term_string\"}}],\"inLanguage\":\"de-DE\"}]}<\/script>\n<!-- \/ Yoast SEO plugin. -->","yoast_head_json":{"title":"Data Privacy by article 13 GDPR | HELASOFT","description":"The Protection of Your Data Is Important to Us. Read the Privacy Policy of Helasoft Gmbh Here.","robots":{"index":"index","follow":"follow","max-snippet":"max-snippet:-1","max-image-preview":"max-image-preview:large","max-video-preview":"max-video-preview:-1"},"canonical":"https:\/\/www.helasoft.com\/de\/data-privacy-art13\/","og_locale":"de_DE","og_type":"article","og_title":"Data Privacy by article 13 GDPR | HELASOFT","og_description":"The Protection of Your Data Is Important to Us. Read the Privacy Policy of Helasoft Gmbh Here.","og_url":"https:\/\/www.helasoft.com\/de\/data-privacy-art13\/","og_site_name":"Helasoft","article_modified_time":"2023-02-10T18:03:16+00:00","twitter_card":"summary_large_image","twitter_misc":{"Est. reading time":"2 minutes"},"schema":{"@context":"https:\/\/schema.org","@graph":[{"@type":"WebPage","@id":"https:\/\/www.helasoft.com\/data-privacy-art13\/","url":"https:\/\/www.helasoft.com\/data-privacy-art13\/","name":"Data Privacy by article 13 GDPR | HELASOFT","isPartOf":{"@id":"https:\/\/www.helasoft.com\/de\/#website"},"datePublished":"2022-06-30T11:48:37+00:00","dateModified":"2023-02-10T18:03:16+00:00","description":"The Protection of Your Data Is Important to Us. Read the Privacy Policy of Helasoft Gmbh Here.","breadcrumb":{"@id":"https:\/\/www.helasoft.com\/data-privacy-art13\/#breadcrumb"},"inLanguage":"de-DE","potentialAction":[{"@type":"ReadAction","target":["https:\/\/www.helasoft.com\/data-privacy-art13\/"]}]},{"@type":"BreadcrumbList","@id":"https:\/\/www.helasoft.com\/data-privacy-art13\/#breadcrumb","itemListElement":[{"@type":"ListItem","position":1,"name":"Home","item":"https:\/\/www.helasoft.com\/"},{"@type":"ListItem","position":2,"name":"Data privacy as by art. 13 GDPR"}]},{"@type":"WebSite","@id":"https:\/\/www.helasoft.com\/de\/#website","url":"https:\/\/www.helasoft.com\/de\/","name":"Helasoft","description":"","potentialAction":[{"@type":"SearchAction","target":{"@type":"EntryPoint","urlTemplate":"https:\/\/www.helasoft.com\/de\/?s={search_term_string}"},"query-input":{"@type":"PropertyValueSpecification","valueRequired":true,"valueName":"search_term_string"}}],"inLanguage":"de-DE"}]}},"_links":{"self":[{"href":"https:\/\/www.helasoft.com\/de\/wp-json\/wp\/v2\/pages\/5283","targetHints":{"allow":["GET"]}}],"collection":[{"href":"https:\/\/www.helasoft.com\/de\/wp-json\/wp\/v2\/pages"}],"about":[{"href":"https:\/\/www.helasoft.com\/de\/wp-json\/wp\/v2\/types\/page"}],"author":[{"embeddable":true,"href":"https:\/\/www.helasoft.com\/de\/wp-json\/wp\/v2\/users\/7"}],"replies":[{"embeddable":true,"href":"https:\/\/www.helasoft.com\/de\/wp-json\/wp\/v2\/comments?post=5283"}],"version-history":[{"count":0,"href":"https:\/\/www.helasoft.com\/de\/wp-json\/wp\/v2\/pages\/5283\/revisions"}],"wp:attachment":[{"href":"https:\/\/www.helasoft.com\/de\/wp-json\/wp\/v2\/media?parent=5283"}],"curies":[{"name":"wp","href":"https:\/\/api.w.org\/{rel}","templated":true}]}}